{"id":4,"date":"2014-05-08T13:04:17","date_gmt":"2014-05-08T11:04:17","guid":{"rendered":"http:\/\/www.photofellowship.de\/?page_id=4"},"modified":"2019-07-26T14:26:24","modified_gmt":"2019-07-26T12:26:24","slug":"impressum","status":"publish","type":"page","link":"http:\/\/www.photofellowship.de\/?page_id=4","title":{"rendered":"Impressum"},"content":{"rendered":"<div class=\"entry-content\">\n<p>Inhaltlich verantwortlich gem\u00e4\u00df \u00a7 10 Absatz 3 MDStV:<br \/>\nBernhard Willim (Pr\u00e4sident)<br \/>\nEssener Str. 74<br \/>\n44529 Hattingen<br \/>\nMail: \u00a0<a href=\"mailto:bernhard@willim.de\">bernhard@willim.de<\/a><\/p>\n<p>Webmaster:<br \/>\nAxel Klein<br \/>\nSchrofenweg 1<br \/>\n79868 Feldberg-B\u00e4rental<br \/>\nTelefon: +49 (0)7655 \u2013 204943<br \/>\nE-Mail: <a href=\"mailto:klein.feldberg@gmail.com\">klein.feldberg@gmail.com<\/a><\/p>\n<p style=\"text-align: left;\">Haftungshinweis: Trotz sorgf\u00e4ltiger inhaltlicher Kontrolle \u00fcbernehmen wir keine Haftung f\u00fcr die Inhalte externer Links. F\u00fcr den Inhalt der verlinkten Seiten sind ausschlie\u00dflich deren Betreiber verantwortlich.<\/p>\n<p style=\"text-align: left;\"><strong>Alle verwendeten Markennamen geh\u00f6ren den jeweiligen Markenrechtsinhabern.<\/strong><\/p>\n<p style=\"text-align: left;\"><strong>Cookies: <\/strong>Wir greifen auf Drittanbieter zur\u00fcck, um Anzeigen zu schalten, wenn Sie unsere Website besuchen. Diese Unternehmen nutzen m\u00f6glicherweise Informationen (dies schlie\u00dft nicht Ihren Namen, Ihre Adresse, E-Mail-Adresse oder Telefonnummer ein) zu Ihren Besuchen dieser und anderer Websites, damit Anzeigen zu Produkten und Diensten geschaltet werden k\u00f6nnen, die Sie interessieren.<\/p>\n<p style=\"text-align: left;\">Als Drittanbieter verwendet Google Cookies zur Anzeigenschaltung auf Ihrer Website. Durch Verwendung des DART-Cookies wird die Anzeigenschaltung anhand der Besuche der Nutzer auf Ihren Websites und anderen Websites im Internet f\u00fcr Google erm\u00f6glicht.<\/p>\n<\/div>\n","protected":false},"excerpt":{"rendered":"<p>Inhaltlich verantwortlich gem\u00e4\u00df \u00a7 10 Absatz 3 MDStV: Bernhard Willim (Pr\u00e4sident) Essener Str. 74 44529 Hattingen Mail: \u00a0bernhard@willim.de Webmaster: Axel Klein Schrofenweg 1 79868 Feldberg-B\u00e4rental Telefon: +49 (0)7655 \u2013 204943 E-Mail: klein.feldberg@gmail.com Haftungshinweis: Trotz sorgf\u00e4ltiger inhaltlicher Kontrolle \u00fcbernehmen wir keine<\/p>\n","protected":false},"author":1,"featured_media":0,"parent":0,"menu_order":0,"comment_status":"closed","ping_status":"closed","template":"","meta":{"footnotes":""},"class_list":["post-4","page","type-page","status-publish","hentry"],"_links":{"self":[{"href":"http:\/\/www.photofellowship.de\/index.php?rest_route=\/wp\/v2\/pages\/4","targetHints":{"allow":["GET"]}}],"collection":[{"href":"http:\/\/www.photofellowship.de\/index.php?rest_route=\/wp\/v2\/pages"}],"about":[{"href":"http:\/\/www.photofellowship.de\/index.php?rest_route=\/wp\/v2\/types\/page"}],"author":[{"embeddable":true,"href":"http:\/\/www.photofellowship.de\/index.php?rest_route=\/wp\/v2\/users\/1"}],"replies":[{"embeddable":true,"href":"http:\/\/www.photofellowship.de\/index.php?rest_route=%2Fwp%2Fv2%2Fcomments&post=4"}],"version-history":[{"count":20,"href":"http:\/\/www.photofellowship.de\/index.php?rest_route=\/wp\/v2\/pages\/4\/revisions"}],"predecessor-version":[{"id":562,"href":"http:\/\/www.photofellowship.de\/index.php?rest_route=\/wp\/v2\/pages\/4\/revisions\/562"}],"wp:attachment":[{"href":"http:\/\/www.photofellowship.de\/index.php?rest_route=%2Fwp%2Fv2%2Fmedia&parent=4"}],"curies":[{"name":"wp","href":"https:\/\/api.w.org\/{rel}","templated":true}]}}