{"id":10,"date":"2014-05-08T13:06:15","date_gmt":"2014-05-08T11:06:15","guid":{"rendered":"http:\/\/www.photofellowship.de\/?page_id=10"},"modified":"2026-02-17T22:13:41","modified_gmt":"2026-02-17T21:13:41","slug":"vorstand","status":"publish","type":"page","link":"http:\/\/www.photofellowship.de\/?page_id=10","title":{"rendered":"Vorstand"},"content":{"rendered":"<p><strong>Pr\u00e4sident:<br \/>\n<\/strong>Bernhard Willim (<a href=\"mailto:bernhard@willim.de\">bernhard@willim.de<\/a>)<br \/>\nEssener Str. 74<br \/>\n44529 Hattingen<br \/>\n<a href=\"http:\/\/www.rotary-hattingen.de\" target=\"_blank\" rel=\"noopener\">Rotary Club Hattingen<\/a><\/p>\n<figure id=\"attachment_530\" aria-describedby=\"caption-attachment-530\" style=\"width: 123px\" class=\"wp-caption alignnone\"><a href=\"http:\/\/www.photofellowship.de\/wp-content\/uploads\/2018\/03\/Bernhard-Willim.jpg\" data-rel=\"lightbox-image-0\" data-rl_title=\"\" data-rl_caption=\"\" title=\"\"><img loading=\"lazy\" decoding=\"async\" class=\"wp-image-530\" src=\"http:\/\/www.photofellowship.de\/wp-content\/uploads\/2018\/03\/Bernhard-Willim.jpg\" alt=\"\" width=\"123\" height=\"176\" srcset=\"http:\/\/www.photofellowship.de\/wp-content\/uploads\/2018\/03\/Bernhard-Willim.jpg 500w, http:\/\/www.photofellowship.de\/wp-content\/uploads\/2018\/03\/Bernhard-Willim-210x300.jpg 210w\" sizes=\"auto, (max-width: 123px) 100vw, 123px\" \/><\/a><figcaption id=\"caption-attachment-530\" class=\"wp-caption-text\">Bernhard Willim<\/figcaption><\/figure>\n<div class=\"mceTemp\"><\/div>\n<p><strong>Sekret\u00e4r:<\/strong><br \/>\nDirk Werdermann (<a href=\"mailto:Dr.D.Werdermann@t-online.de\">Dr.D.Werdermann@t-online.de<\/a>)<\/p>\n<p><strong>Schatzmeisterin:<\/strong><br \/>\nKerstin Sperschneider (<a href=\"mailto:kerstin-sperschneider@gmx.de\">kerstin-sperschneider@gmx.de<\/a>)<br \/>\nRosenbergstra\u00dfe 1, 96317 Kronach<br \/>\n<a href=\"http:\/\/www.kronach.roweb1950.de\" target=\"_blank\" rel=\"noopener\">Rotary Club Kronach<\/a><\/p>\n<figure id=\"attachment_240\" aria-describedby=\"caption-attachment-240\" style=\"width: 99px\" class=\"wp-caption alignnone\"><a href=\"http:\/\/www.photofellowship.de\/wp-content\/uploads\/2014\/05\/vorstand_sperschneider-kerstin.jpg\" data-rel=\"lightbox-image-1\" data-rl_title=\"\" data-rl_caption=\"\" title=\"\"><img loading=\"lazy\" decoding=\"async\" class=\"size-full wp-image-240\" src=\"http:\/\/www.photofellowship.de\/wp-content\/uploads\/2014\/05\/vorstand_sperschneider-kerstin.jpg\" alt=\"Kerstin Sperschneider\" width=\"99\" height=\"151\" \/><\/a><figcaption id=\"caption-attachment-240\" class=\"wp-caption-text\">Kerstin Sperschneider<\/figcaption><\/figure>\n<p>&nbsp;<\/p>\n<p><strong>Webmaster:<\/strong><br \/>\nAxel Klein (<a href=\"mailto:klein.feldberg@gmail.com\">klein.feldberg@gmail.com<\/a>)<br \/>\nOrtsstra\u00dfe 1, 79777 \u00dchlingen-Birkendorf<br \/>\n<a href=\"http:\/\/www.rotary-e-club-bavaria-international.org\" target=\"_blank\" rel=\"noopener\">Rotary E-Club Bavaria International<\/a><\/p>\n<figure id=\"attachment_242\" aria-describedby=\"caption-attachment-242\" style=\"width: 150px\" class=\"wp-caption alignnone\"><a href=\"http:\/\/www.photofellowship.de\/wp-content\/uploads\/2014\/05\/vorstand_klein-axel.jpg\" data-rel=\"lightbox-image-2\" data-rl_title=\"\" data-rl_caption=\"\" title=\"\"><img loading=\"lazy\" decoding=\"async\" class=\"wp-image-242 size-thumbnail\" src=\"http:\/\/www.photofellowship.de\/wp-content\/uploads\/2014\/05\/vorstand_klein-axel-150x150.jpg\" alt=\"Axel Klein\" width=\"150\" height=\"150\" srcset=\"http:\/\/www.photofellowship.de\/wp-content\/uploads\/2014\/05\/vorstand_klein-axel-150x150.jpg 150w, http:\/\/www.photofellowship.de\/wp-content\/uploads\/2014\/05\/vorstand_klein-axel-270x270.jpg 270w, http:\/\/www.photofellowship.de\/wp-content\/uploads\/2014\/05\/vorstand_klein-axel-230x230.jpg 230w\" sizes=\"auto, (max-width: 150px) 100vw, 150px\" \/><\/a><figcaption id=\"caption-attachment-242\" class=\"wp-caption-text\">Axel Klein<\/figcaption><\/figure>\n","protected":false},"excerpt":{"rendered":"<p>Pr\u00e4sident: Bernhard Willim (bernhard@willim.de) Essener Str. 74 44529 Hattingen Rotary Club Hattingen Sekret\u00e4r: Dirk Werdermann (Dr.D.Werdermann@t-online.de) Schatzmeisterin: Kerstin Sperschneider (kerstin-sperschneider@gmx.de) Rosenbergstra\u00dfe 1, 96317 Kronach Rotary Club Kronach &nbsp; Webmaster: Axel Klein (klein.feldberg@gmail.com) Ortsstra\u00dfe 1, 79777 \u00dchlingen-Birkendorf Rotary E-Club Bavaria International<\/p>\n","protected":false},"author":1,"featured_media":0,"parent":0,"menu_order":0,"comment_status":"closed","ping_status":"closed","template":"","meta":{"footnotes":""},"class_list":["post-10","page","type-page","status-publish","hentry"],"_links":{"self":[{"href":"http:\/\/www.photofellowship.de\/index.php?rest_route=\/wp\/v2\/pages\/10","targetHints":{"allow":["GET"]}}],"collection":[{"href":"http:\/\/www.photofellowship.de\/index.php?rest_route=\/wp\/v2\/pages"}],"about":[{"href":"http:\/\/www.photofellowship.de\/index.php?rest_route=\/wp\/v2\/types\/page"}],"author":[{"embeddable":true,"href":"http:\/\/www.photofellowship.de\/index.php?rest_route=\/wp\/v2\/users\/1"}],"replies":[{"embeddable":true,"href":"http:\/\/www.photofellowship.de\/index.php?rest_route=%2Fwp%2Fv2%2Fcomments&post=10"}],"version-history":[{"count":17,"href":"http:\/\/www.photofellowship.de\/index.php?rest_route=\/wp\/v2\/pages\/10\/revisions"}],"predecessor-version":[{"id":970,"href":"http:\/\/www.photofellowship.de\/index.php?rest_route=\/wp\/v2\/pages\/10\/revisions\/970"}],"wp:attachment":[{"href":"http:\/\/www.photofellowship.de\/index.php?rest_route=%2Fwp%2Fv2%2Fmedia&parent=10"}],"curies":[{"name":"wp","href":"https:\/\/api.w.org\/{rel}","templated":true}]}}